{"id":565,"date":"2024-10-12T20:54:48","date_gmt":"2024-10-12T17:54:48","guid":{"rendered":"https:\/\/arvlad.zento.md\/?page_id=565"},"modified":"2024-10-12T20:56:39","modified_gmt":"2024-10-12T17:56:39","slug":"ueber-uns","status":"publish","type":"page","link":"https:\/\/arvlad.zento.md\/de\/ueber-uns\/","title":{"rendered":"\u00dcber uns"},"content":{"rendered":"\n<div class=\"wp-block-media-text is-stacked-on-mobile is-image-fill\"><figure class=\"wp-block-media-text__media\" style=\"background-image:url(https:\/\/arvlad.zento.md\/wp-content\/uploads\/2024\/09\/CHR-5f3456e2-3efa-46d1-beb7-a1792902165a-1-920x690.jpg);background-position:50% 50%\"><img loading=\"lazy\" decoding=\"async\" width=\"920\" height=\"690\" src=\"https:\/\/arvlad.zento.md\/wp-content\/uploads\/2024\/09\/CHR-5f3456e2-3efa-46d1-beb7-a1792902165a-1-920x690.jpg\" alt=\"\" class=\"wp-image-460 size-full\" srcset=\"https:\/\/arvlad.zento.md\/wp-content\/uploads\/2024\/09\/CHR-5f3456e2-3efa-46d1-beb7-a1792902165a-1-920x690.jpg 920w, https:\/\/arvlad.zento.md\/wp-content\/uploads\/2024\/09\/CHR-5f3456e2-3efa-46d1-beb7-a1792902165a-1-350x263.jpg 350w, https:\/\/arvlad.zento.md\/wp-content\/uploads\/2024\/09\/CHR-5f3456e2-3efa-46d1-beb7-a1792902165a-1-200x150.jpg 200w, https:\/\/arvlad.zento.md\/wp-content\/uploads\/2024\/09\/CHR-5f3456e2-3efa-46d1-beb7-a1792902165a-1-768x576.jpg 768w, https:\/\/arvlad.zento.md\/wp-content\/uploads\/2024\/09\/CHR-5f3456e2-3efa-46d1-beb7-a1792902165a-1.jpg 1280w\" sizes=\"auto, (max-width: 920px) 100vw, 920px\" \/><\/figure><div class=\"wp-block-media-text__content\">\n<p><strong>DVL GmbH<\/strong>&nbsp;\u2013 Ihr&nbsp;<strong>vertrauensw\u00fcrdiger Autoh\u00e4ndler in Dortmund<\/strong>, spezialisiert auf den Verkauf von&nbsp;<strong>Gebrauchtwagen<\/strong>&nbsp;in ganz&nbsp;<strong>Deutschland<\/strong>. Wir bieten eine breite Auswahl an sorgf\u00e4ltig gepr\u00fcften Fahrzeugen und sorgen daf\u00fcr, dass unsere Kunden&nbsp;<strong>zuverl\u00e4ssige Autos mit Garantie<\/strong>&nbsp;erhalten.<\/p>\n\n\n\n<p>Als f\u00fchrender Anbieter f\u00fcr&nbsp;<strong>Auto Verkauf in Dortmund<\/strong>, setzen wir auf&nbsp;<strong>Qualit\u00e4t<\/strong>,&nbsp;<strong>Vertrauen<\/strong>&nbsp;und eine&nbsp;<strong>transparente Abwicklung<\/strong>. Egal, ob Sie ein&nbsp;<strong>Gebrauchtwagen<\/strong>&nbsp;oder ein spezifisches Modell suchen \u2013 wir sind Ihre Experten, die Ihnen den besten Weg zu Ihrem Traumauto zeigen.<\/p>\n\n\n\n<p>Unser Ziel ist es, Ihnen eine reibungslose und sichere Erfahrung beim&nbsp;<strong>Autokauf in Dortmund<\/strong>&nbsp;zu bieten. Unsere langj\u00e4hrige Erfahrung im Bereich&nbsp;<strong>Gebrauchtwagenverkauf<\/strong>&nbsp;und unser&nbsp;<strong>kundenzentrierter Service<\/strong>&nbsp;machen uns zum idealen Partner f\u00fcr den&nbsp;<strong>Autokauf<\/strong>. Vertrauen Sie auf&nbsp;<strong>DVL GmbH<\/strong>&nbsp;\u2013 Ihr Experte f\u00fcr&nbsp;<strong>hochwertige Gebrauchtwagen<\/strong>.<\/p>\n<\/div><\/div>\n","protected":false},"excerpt":{"rendered":"<p>DVL GmbH&nbsp;\u2013 Ihr&nbsp;vertrauensw\u00fcrdiger Autoh\u00e4ndler in Dortmund, spezialisiert auf den Verkauf von&nbsp;Gebrauchtwagen&nbsp;in ganz&nbsp;Deutschland. Wir bieten eine breite Auswahl an sorgf\u00e4ltig gepr\u00fcften Fahrzeugen und sorgen daf\u00fcr, dass unsere Kunden&nbsp;zuverl\u00e4ssige Autos mit Garantie&nbsp;erhalten. Als f\u00fchrender Anbieter f\u00fcr&nbsp;Auto Verkauf in Dortmund, setzen wir auf&nbsp;Qualit\u00e4t,&nbsp;Vertrauen&nbsp;und eine&nbsp;transparente Abwicklung. Egal, ob Sie ein&nbsp;Gebrauchtwagen&nbsp;oder ein spezifisches Modell suchen \u2013 wir sind Ihre Experten, [&hellip;]<\/p>\n","protected":false},"author":1,"featured_media":0,"parent":0,"menu_order":0,"comment_status":"closed","ping_status":"closed","template":"","meta":{"inline_featured_image":false,"footnotes":""},"class_list":["post-565","page","type-page","status-publish","hentry"],"acf":[],"_links":{"self":[{"href":"https:\/\/arvlad.zento.md\/de\/wp-json\/wp\/v2\/pages\/565","targetHints":{"allow":["GET"]}}],"collection":[{"href":"https:\/\/arvlad.zento.md\/de\/wp-json\/wp\/v2\/pages"}],"about":[{"href":"https:\/\/arvlad.zento.md\/de\/wp-json\/wp\/v2\/types\/page"}],"author":[{"embeddable":true,"href":"https:\/\/arvlad.zento.md\/de\/wp-json\/wp\/v2\/users\/1"}],"replies":[{"embeddable":true,"href":"https:\/\/arvlad.zento.md\/de\/wp-json\/wp\/v2\/comments?post=565"}],"version-history":[{"count":2,"href":"https:\/\/arvlad.zento.md\/de\/wp-json\/wp\/v2\/pages\/565\/revisions"}],"predecessor-version":[{"id":568,"href":"https:\/\/arvlad.zento.md\/de\/wp-json\/wp\/v2\/pages\/565\/revisions\/568"}],"wp:attachment":[{"href":"https:\/\/arvlad.zento.md\/de\/wp-json\/wp\/v2\/media?parent=565"}],"curies":[{"name":"wp","href":"https:\/\/api.w.org\/{rel}","templated":true}]}}